{"id":2637,"date":"2020-08-24T11:20:22","date_gmt":"2020-08-24T15:20:22","guid":{"rendered":"https:\/\/www.canada-plays.ca\/a-propos\/"},"modified":"2025-06-12T15:31:46","modified_gmt":"2025-06-12T19:31:46","slug":"a-propos","status":"publish","type":"page","link":"https:\/\/www.canada-plays.ca\/fr\/a-propos\/","title":{"rendered":"\u00c0 Propos"},"content":{"rendered":"\t\t<div data-elementor-type=\"wp-page\" data-elementor-id=\"2637\" class=\"elementor elementor-2637 elementor-316\">\n\t\t\t\t\t\t<section class=\"elementor-section elementor-top-section elementor-element elementor-element-7be43be elementor-section-boxed elementor-section-height-default elementor-section-height-default\" data-id=\"7be43be\" data-element_type=\"section\" data-settings=\"{&quot;background_background&quot;:&quot;classic&quot;}\">\n\t\t\t\t\t\t\t<div class=\"elementor-background-overlay\"><\/div>\n\t\t\t\t\t\t\t<div class=\"elementor-container elementor-column-gap-default\">\n\t\t\t\t\t<div class=\"elementor-column elementor-col-100 elementor-top-column elementor-element elementor-element-097fb1b\" data-id=\"097fb1b\" data-element_type=\"column\">\n\t\t\t<div class=\"elementor-widget-wrap elementor-element-populated\">\n\t\t\t\t\t\t<div class=\"elementor-element elementor-element-951674a elementor-invisible elementor-widget elementor-widget-heading\" data-id=\"951674a\" data-element_type=\"widget\" data-settings=\"{&quot;_animation&quot;:&quot;fadeInDown&quot;}\" data-widget_type=\"heading.default\">\n\t\t\t\t<div class=\"elementor-widget-container\">\n\t\t\t<h1 class=\"elementor-heading-title elementor-size-default\">\u00c0 propos<\/h1>\t\t<\/div>\n\t\t\t\t<\/div>\n\t\t\t\t\t<\/div>\n\t\t<\/div>\n\t\t\t\t\t<\/div>\n\t\t<\/section>\n\t\t\t\t<section class=\"elementor-section elementor-top-section elementor-element elementor-element-3298328 elementor-section-full_width elementor-section-height-default elementor-section-height-default\" data-id=\"3298328\" data-element_type=\"section\">\n\t\t\t\t\t\t<div class=\"elementor-container elementor-column-gap-default\">\n\t\t\t\t\t<div class=\"elementor-column elementor-col-50 elementor-top-column elementor-element elementor-element-3e2fdfa elementor-invisible\" data-id=\"3e2fdfa\" data-element_type=\"column\" data-settings=\"{&quot;background_background&quot;:&quot;classic&quot;,&quot;animation&quot;:&quot;fadeInLeft&quot;}\">\n\t\t\t<div class=\"elementor-widget-wrap elementor-element-populated\">\n\t\t\t\t\t\t<div class=\"elementor-element elementor-element-4b8e03e elementor-widget elementor-widget-spacer\" data-id=\"4b8e03e\" data-element_type=\"widget\" data-widget_type=\"spacer.default\">\n\t\t\t\t<div class=\"elementor-widget-container\">\n\t\t\t\t\t<div class=\"elementor-spacer\">\n\t\t\t<div class=\"elementor-spacer-inner\"><\/div>\n\t\t<\/div>\n\t\t\t\t<\/div>\n\t\t\t\t<\/div>\n\t\t\t\t\t<\/div>\n\t\t<\/div>\n\t\t\t\t<div class=\"elementor-column elementor-col-50 elementor-top-column elementor-element elementor-element-21caa05 elementor-invisible\" data-id=\"21caa05\" data-element_type=\"column\" data-settings=\"{&quot;background_background&quot;:&quot;classic&quot;,&quot;animation&quot;:&quot;fadeInRight&quot;}\">\n\t\t\t<div class=\"elementor-widget-wrap elementor-element-populated\">\n\t\t\t\t\t<div class=\"elementor-background-overlay\"><\/div>\n\t\t\t\t\t\t<div class=\"elementor-element elementor-element-92442bc elementor-widget elementor-widget-heading\" data-id=\"92442bc\" data-element_type=\"widget\" data-widget_type=\"heading.default\">\n\t\t\t\t<div class=\"elementor-widget-container\">\n\t\t\t<h1 class=\"elementor-heading-title elementor-size-default\">\u00c0 propos de Canada Plays<\/h1>\t\t<\/div>\n\t\t\t\t<\/div>\n\t\t\t\t<div class=\"elementor-element elementor-element-1d08c32 elementor-widget elementor-widget-heading\" data-id=\"1d08c32\" data-element_type=\"widget\" data-widget_type=\"heading.default\">\n\t\t\t\t<div class=\"elementor-widget-container\">\n\t\t\t<p class=\"elementor-heading-title elementor-size-default\">Canada Plays, pr\u00e9sent\u00e9 par asmodee, est LA destination commerciale canadienne de choix pour les jeux de table. Cet \u00e9v\u00e9nement annuel continue notre tradition visant \u00e0 rassembler les joueurs cl\u00e9s de l'industrie du jeu de soci\u00e9t\u00e9 pour connecter, \u00e9changer et b\u00e2tir des relations. <br><br><strong>Veuillez noter qu'il s'agit d'un \u00e9v\u00e9nement commercial qui n'est pas ouvert au grand public.<\/strong><\/p>\t\t<\/div>\n\t\t\t\t<\/div>\n\t\t\t\t\t<\/div>\n\t\t<\/div>\n\t\t\t\t\t<\/div>\n\t\t<\/section>\n\t\t\t\t<section class=\"elementor-section elementor-top-section elementor-element elementor-element-ab1533e elementor-section-full_width elementor-reverse-tablet elementor-reverse-mobile elementor-section-height-default elementor-section-height-default\" data-id=\"ab1533e\" data-element_type=\"section\">\n\t\t\t\t\t\t<div class=\"elementor-container elementor-column-gap-default\">\n\t\t\t\t\t<div class=\"elementor-column elementor-col-50 elementor-top-column elementor-element elementor-element-9ec3de6 elementor-invisible\" data-id=\"9ec3de6\" data-element_type=\"column\" data-settings=\"{&quot;background_background&quot;:&quot;classic&quot;,&quot;animation&quot;:&quot;fadeInLeft&quot;}\">\n\t\t\t<div class=\"elementor-widget-wrap elementor-element-populated\">\n\t\t\t\t\t<div class=\"elementor-background-overlay\"><\/div>\n\t\t\t\t\t\t<div class=\"elementor-element elementor-element-1c35968 elementor-widget elementor-widget-heading\" data-id=\"1c35968\" data-element_type=\"widget\" data-widget_type=\"heading.default\">\n\t\t\t\t<div class=\"elementor-widget-container\">\n\t\t\t<h1 class=\"elementor-heading-title elementor-size-default\">Pourquoi  y aller?<\/h1>\t\t<\/div>\n\t\t\t\t<\/div>\n\t\t\t\t<div class=\"elementor-element elementor-element-3e94af7 elementor-widget elementor-widget-heading\" data-id=\"3e94af7\" data-element_type=\"widget\" data-widget_type=\"heading.default\">\n\t\t\t\t<div class=\"elementor-widget-container\">\n\t\t\t<p class=\"elementor-heading-title elementor-size-default\">Canada Plays, LA destination pour jouer, \u00e9changer et apprendre!<br><br>\ud83c\udfb2&nbsp;&nbsp;Exp\u00e9rience unique avec la communaut\u00e9 ludique<\/br><\/br>\n\ud83c\udfb2&nbsp;&nbsp;Aper\u00e7u des titres des plus en vue de 2026<\/br><\/br>\n\ud83c\udfb2&nbsp;&nbsp;Acc\u00e8s privil\u00e9gi\u00e9 aux \u00e9diteurs les plus reconnus de l'industrie<\/br><\/br>\n\ud83c\udfb2&nbsp;&nbsp;Venez essayer les jeux les plus attendus de 2026!<\/p>\t\t<\/div>\n\t\t\t\t<\/div>\n\t\t\t\t\t<\/div>\n\t\t<\/div>\n\t\t\t\t<div class=\"elementor-column elementor-col-50 elementor-top-column elementor-element elementor-element-508cfa6 elementor-invisible\" data-id=\"508cfa6\" data-element_type=\"column\" data-settings=\"{&quot;background_background&quot;:&quot;classic&quot;,&quot;animation&quot;:&quot;fadeInRight&quot;}\">\n\t\t\t<div class=\"elementor-widget-wrap elementor-element-populated\">\n\t\t\t\t\t\t<div class=\"elementor-element elementor-element-1efa5fc elementor-widget elementor-widget-spacer\" data-id=\"1efa5fc\" data-element_type=\"widget\" data-widget_type=\"spacer.default\">\n\t\t\t\t<div class=\"elementor-widget-container\">\n\t\t\t\t\t<div class=\"elementor-spacer\">\n\t\t\t<div class=\"elementor-spacer-inner\"><\/div>\n\t\t<\/div>\n\t\t\t\t<\/div>\n\t\t\t\t<\/div>\n\t\t\t\t\t<\/div>\n\t\t<\/div>\n\t\t\t\t\t<\/div>\n\t\t<\/section>\n\t\t\t\t<section class=\"elementor-section elementor-top-section elementor-element elementor-element-aac2b24 elementor-section-boxed elementor-section-height-default elementor-section-height-default\" data-id=\"aac2b24\" data-element_type=\"section\" data-settings=\"{&quot;background_background&quot;:&quot;classic&quot;}\">\n\t\t\t\t\t\t\t<div class=\"elementor-background-overlay\"><\/div>\n\t\t\t\t\t\t\t<div class=\"elementor-container elementor-column-gap-default\">\n\t\t\t\t\t<div class=\"elementor-column elementor-col-100 elementor-top-column elementor-element elementor-element-ebf62d3 elementor-invisible\" data-id=\"ebf62d3\" data-element_type=\"column\" data-settings=\"{&quot;animation&quot;:&quot;fadeInLeft&quot;}\">\n\t\t\t<div class=\"elementor-widget-wrap elementor-element-populated\">\n\t\t\t\t\t\t<div class=\"elementor-element elementor-element-2b77ccd elementor-widget elementor-widget-heading\" data-id=\"2b77ccd\" data-element_type=\"widget\" data-widget_type=\"heading.default\">\n\t\t\t\t<div class=\"elementor-widget-container\">\n\t\t\t<h2 class=\"elementor-heading-title elementor-size-default\">Questions?<\/h2>\t\t<\/div>\n\t\t\t\t<\/div>\n\t\t\t\t<div class=\"elementor-element elementor-element-e3fecc4 elementor-widget elementor-widget-heading\" data-id=\"e3fecc4\" data-element_type=\"widget\" data-widget_type=\"heading.default\">\n\t\t\t\t<div class=\"elementor-widget-container\">\n\t\t\t<h5 class=\"elementor-heading-title elementor-size-default\">Vous avez des questions? N'h\u00e9sitez pas \u00e0 nous \u00e9crire \u00e0 <a href=\"mailto:canadaplays@asmodee.com\" data-cmp-ab=\"2\"><strong>canadaplays@asmodee.com<\/strong><\/a>.<\/h5>\t\t<\/div>\n\t\t\t\t<\/div>\n\t\t\t\t\t<\/div>\n\t\t<\/div>\n\t\t\t\t\t<\/div>\n\t\t<\/section>\n\t\t\t\t<section class=\"elementor-section elementor-top-section elementor-element elementor-element-6932b19 elementor-section-full_width elementor-section-height-default elementor-section-height-default\" data-id=\"6932b19\" data-element_type=\"section\">\n\t\t\t\t\t\t\t<div class=\"elementor-background-overlay\"><\/div>\n\t\t\t\t\t\t\t<div class=\"elementor-container elementor-column-gap-default\">\n\t\t\t\t\t<div class=\"elementor-column elementor-col-50 elementor-top-column elementor-element elementor-element-c4f25e6 elementor-hidden-mobile elementor-invisible\" data-id=\"c4f25e6\" data-element_type=\"column\" data-settings=\"{&quot;animation&quot;:&quot;fadeInLeft&quot;}\">\n\t\t\t<div class=\"elementor-widget-wrap elementor-element-populated\">\n\t\t\t\t\t\t<div class=\"elementor-element elementor-element-ebc2a08 elementor-widget__width-initial elementor-widget elementor-widget-google_maps\" data-id=\"ebc2a08\" data-element_type=\"widget\" data-widget_type=\"google_maps.default\">\n\t\t\t\t<div class=\"elementor-widget-container\">\n\t\t\t\t\t<div class=\"elementor-custom-embed\">\n\t\t\t<iframe loading=\"lazy\"\n\t\t\t\t\tsrc=\"https:\/\/maps.google.com\/maps?q=Hamilton%20Convention%20Centre&#038;t=m&#038;z=16&#038;output=embed&#038;iwloc=near\"\n\t\t\t\t\ttitle=\"Hamilton Convention Centre\"\n\t\t\t\t\taria-label=\"Hamilton Convention Centre\"\n\t\t\t><\/iframe>\n\t\t<\/div>\n\t\t\t\t<\/div>\n\t\t\t\t<\/div>\n\t\t\t\t\t<\/div>\n\t\t<\/div>\n\t\t\t\t<div class=\"elementor-column elementor-col-50 elementor-top-column elementor-element elementor-element-3837462\" data-id=\"3837462\" data-element_type=\"column\">\n\t\t\t<div class=\"elementor-widget-wrap elementor-element-populated\">\n\t\t\t\t\t\t<div class=\"elementor-element elementor-element-a2bdc4e elementor-view-stacked elementor-position-left elementor-vertical-align-middle elementor-shape-circle elementor-mobile-position-top elementor-widget elementor-widget-icon-box\" data-id=\"a2bdc4e\" data-element_type=\"widget\" data-widget_type=\"icon-box.default\">\n\t\t\t\t<div class=\"elementor-widget-container\">\n\t\t\t\t\t<div class=\"elementor-icon-box-wrapper\">\n\n\t\t\t\t\t\t<div class=\"elementor-icon-box-icon\">\n\t\t\t\t<span  class=\"elementor-icon elementor-animation-\">\n\t\t\t\t<svg aria-hidden=\"true\" class=\"e-font-icon-svg e-fas-map-marker-alt\" viewBox=\"0 0 384 512\" xmlns=\"http:\/\/www.w3.org\/2000\/svg\"><path d=\"M172.268 501.67C26.97 291.031 0 269.413 0 192 0 85.961 85.961 0 192 0s192 85.961 192 192c0 77.413-26.97 99.031-172.268 309.67-9.535 13.774-29.93 13.773-39.464 0zM192 272c44.183 0 80-35.817 80-80s-35.817-80-80-80-80 35.817-80 80 35.817 80 80 80z\"><\/path><\/svg>\t\t\t\t<\/span>\n\t\t\t<\/div>\n\t\t\t\n\t\t\t\t\t\t<div class=\"elementor-icon-box-content\">\n\n\t\t\t\t\t\t\t\t\t<h3 class=\"elementor-icon-box-title\">\n\t\t\t\t\t\t<span  >\n\t\t\t\t\t\t\tO\u00f9?\t\t\t\t\t\t<\/span>\n\t\t\t\t\t<\/h3>\n\t\t\t\t\n\t\t\t\t\t\t\t\t\t<p class=\"elementor-icon-box-description\">\n\t\t\t\t\t\t<b>Hamilton Convention Centre<\/b><br>\n1 Summers Ln, Hamilton, ON L8P 4Y2\t\t\t\t\t<\/p>\n\t\t\t\t\n\t\t\t<\/div>\n\t\t\t\n\t\t<\/div>\n\t\t\t\t<\/div>\n\t\t\t\t<\/div>\n\t\t\t\t<div class=\"elementor-element elementor-element-40973bb elementor-widget elementor-widget-spacer\" data-id=\"40973bb\" data-element_type=\"widget\" data-widget_type=\"spacer.default\">\n\t\t\t\t<div class=\"elementor-widget-container\">\n\t\t\t\t\t<div class=\"elementor-spacer\">\n\t\t\t<div class=\"elementor-spacer-inner\"><\/div>\n\t\t<\/div>\n\t\t\t\t<\/div>\n\t\t\t\t<\/div>\n\t\t\t\t<div class=\"elementor-element elementor-element-d920427 elementor-view-stacked elementor-position-left elementor-vertical-align-middle elementor-shape-circle elementor-mobile-position-top elementor-widget elementor-widget-icon-box\" data-id=\"d920427\" data-element_type=\"widget\" data-widget_type=\"icon-box.default\">\n\t\t\t\t<div class=\"elementor-widget-container\">\n\t\t\t\t\t<div class=\"elementor-icon-box-wrapper\">\n\n\t\t\t\t\t\t<div class=\"elementor-icon-box-icon\">\n\t\t\t\t<span  class=\"elementor-icon elementor-animation-\">\n\t\t\t\t<svg aria-hidden=\"true\" class=\"e-font-icon-svg e-far-calendar-alt\" viewBox=\"0 0 448 512\" xmlns=\"http:\/\/www.w3.org\/2000\/svg\"><path d=\"M148 288h-40c-6.6 0-12-5.4-12-12v-40c0-6.6 5.4-12 12-12h40c6.6 0 12 5.4 12 12v40c0 6.6-5.4 12-12 12zm108-12v-40c0-6.6-5.4-12-12-12h-40c-6.6 0-12 5.4-12 12v40c0 6.6 5.4 12 12 12h40c6.6 0 12-5.4 12-12zm96 0v-40c0-6.6-5.4-12-12-12h-40c-6.6 0-12 5.4-12 12v40c0 6.6 5.4 12 12 12h40c6.6 0 12-5.4 12-12zm-96 96v-40c0-6.6-5.4-12-12-12h-40c-6.6 0-12 5.4-12 12v40c0 6.6 5.4 12 12 12h40c6.6 0 12-5.4 12-12zm-96 0v-40c0-6.6-5.4-12-12-12h-40c-6.6 0-12 5.4-12 12v40c0 6.6 5.4 12 12 12h40c6.6 0 12-5.4 12-12zm192 0v-40c0-6.6-5.4-12-12-12h-40c-6.6 0-12 5.4-12 12v40c0 6.6 5.4 12 12 12h40c6.6 0 12-5.4 12-12zm96-260v352c0 26.5-21.5 48-48 48H48c-26.5 0-48-21.5-48-48V112c0-26.5 21.5-48 48-48h48V12c0-6.6 5.4-12 12-12h40c6.6 0 12 5.4 12 12v52h128V12c0-6.6 5.4-12 12-12h40c6.6 0 12 5.4 12 12v52h48c26.5 0 48 21.5 48 48zm-48 346V160H48v298c0 3.3 2.7 6 6 6h340c3.3 0 6-2.7 6-6z\"><\/path><\/svg>\t\t\t\t<\/span>\n\t\t\t<\/div>\n\t\t\t\n\t\t\t\t\t\t<div class=\"elementor-icon-box-content\">\n\n\t\t\t\t\t\t\t\t\t<h2 class=\"elementor-icon-box-title\">\n\t\t\t\t\t\t<span  >\n\t\t\t\t\t\t\tQuand?\t\t\t\t\t\t<\/span>\n\t\t\t\t\t<\/h2>\n\t\t\t\t\n\t\t\t\t\t\t\t\t\t<p class=\"elementor-icon-box-description\">\n\t\t\t\t\t\tLundi 27 avril au Mercredi 29 avril 2026\t\t\t\t\t<\/p>\n\t\t\t\t\n\t\t\t<\/div>\n\t\t\t\n\t\t<\/div>\n\t\t\t\t<\/div>\n\t\t\t\t<\/div>\n\t\t\t\t<div class=\"elementor-element elementor-element-ceee8ea elementor-widget elementor-widget-spacer\" data-id=\"ceee8ea\" data-element_type=\"widget\" data-widget_type=\"spacer.default\">\n\t\t\t\t<div class=\"elementor-widget-container\">\n\t\t\t\t\t<div class=\"elementor-spacer\">\n\t\t\t<div class=\"elementor-spacer-inner\"><\/div>\n\t\t<\/div>\n\t\t\t\t<\/div>\n\t\t\t\t<\/div>\n\t\t\t\t<div class=\"elementor-element elementor-element-268a226 elementor-view-stacked elementor-position-left elementor-vertical-align-middle elementor-shape-circle elementor-mobile-position-top elementor-widget elementor-widget-icon-box\" data-id=\"268a226\" data-element_type=\"widget\" data-widget_type=\"icon-box.default\">\n\t\t\t\t<div class=\"elementor-widget-container\">\n\t\t\t\t\t<div class=\"elementor-icon-box-wrapper\">\n\n\t\t\t\t\t\t<div class=\"elementor-icon-box-icon\">\n\t\t\t\t<span  class=\"elementor-icon elementor-animation-\">\n\t\t\t\t<svg aria-hidden=\"true\" class=\"e-font-icon-svg e-fas-comment\" viewBox=\"0 0 512 512\" xmlns=\"http:\/\/www.w3.org\/2000\/svg\"><path d=\"M256 32C114.6 32 0 125.1 0 240c0 49.6 21.4 95 57 130.7C44.5 421.1 2.7 466 2.2 466.5c-2.2 2.3-2.8 5.7-1.5 8.7S4.8 480 8 480c66.3 0 116-31.8 140.6-51.4 32.7 12.3 69 19.4 107.4 19.4 141.4 0 256-93.1 256-208S397.4 32 256 32z\"><\/path><\/svg>\t\t\t\t<\/span>\n\t\t\t<\/div>\n\t\t\t\n\t\t\t\t\t\t<div class=\"elementor-icon-box-content\">\n\n\t\t\t\t\t\t\t\t\t<h2 class=\"elementor-icon-box-title\">\n\t\t\t\t\t\t<span  >\n\t\t\t\t\t\t\tContact\t\t\t\t\t\t<\/span>\n\t\t\t\t\t<\/h2>\n\t\t\t\t\n\t\t\t\t\t\t\t\t\t<p class=\"elementor-icon-box-description\">\n\t\t\t\t\t\tContactez-nous \u00e0 <a href=\"mailto:canadaplays@asmodee.com\" style=\"text-decoration:underline; font-weight:bold;\">canadaplays@asmodee.com<\/a>\t\t\t\t\t<\/p>\n\t\t\t\t\n\t\t\t<\/div>\n\t\t\t\n\t\t<\/div>\n\t\t\t\t<\/div>\n\t\t\t\t<\/div>\n\t\t\t\t<div class=\"elementor-element elementor-element-3ce3ffa elementor-widget elementor-widget-spacer\" data-id=\"3ce3ffa\" data-element_type=\"widget\" data-widget_type=\"spacer.default\">\n\t\t\t\t<div class=\"elementor-widget-container\">\n\t\t\t\t\t<div class=\"elementor-spacer\">\n\t\t\t<div class=\"elementor-spacer-inner\"><\/div>\n\t\t<\/div>\n\t\t\t\t<\/div>\n\t\t\t\t<\/div>\n\t\t\t\t\t<\/div>\n\t\t<\/div>\n\t\t\t\t\t<\/div>\n\t\t<\/section>\n\t\t\t\t<\/div>\n\t\t","protected":false},"excerpt":{"rendered":"<p>\u00c0 propos \u00c0 propos de Canada Plays Canada Plays, pr\u00e9sent\u00e9 par asmodee, est LA destination commerciale canadienne de choix pour les jeux de table. Cet \u00e9v\u00e9nement annuel continue notre tradition visant \u00e0 rassembler les joueurs cl\u00e9s de l&rsquo;industrie du jeu de soci\u00e9t\u00e9 pour connecter, \u00e9changer et b\u00e2tir des relations. Veuillez noter qu&rsquo;il s&rsquo;agit d&rsquo;un \u00e9v\u00e9nement commercial qui n&rsquo;est pas ouvert&#8230;<\/p>\n","protected":false},"author":1,"featured_media":2530,"parent":0,"menu_order":0,"comment_status":"closed","ping_status":"closed","template":"elementor_header_footer","meta":{"footnotes":""},"yoast_head":"<!-- This site is optimized with the Yoast SEO Premium plugin v22.3 (Yoast SEO v22.9) - https:\/\/yoast.com\/wordpress\/plugins\/seo\/ -->\n<title>\u00c0 Propos - Canada Plays<\/title>\n<meta name=\"robots\" content=\"index, follow, max-snippet:-1, max-image-preview:large, max-video-preview:-1\" \/>\n<link rel=\"canonical\" href=\"https:\/\/www.canada-plays.ca\/about-us\/\" \/>\n<meta property=\"og:locale\" content=\"fr_FR\" \/>\n<meta property=\"og:type\" content=\"article\" \/>\n<meta property=\"og:title\" content=\"\u00c0 Propos\" \/>\n<meta property=\"og:description\" content=\"\u00c0 propos \u00c0 propos de Canada Plays Canada Plays, pr\u00e9sent\u00e9 par asmodee, est LA destination commerciale canadienne de choix pour les jeux de table. Cet \u00e9v\u00e9nement annuel continue notre tradition visant \u00e0 rassembler les joueurs cl\u00e9s de l&rsquo;industrie du jeu de soci\u00e9t\u00e9 pour connecter, \u00e9changer et b\u00e2tir des relations. Veuillez noter qu&rsquo;il s&rsquo;agit d&rsquo;un \u00e9v\u00e9nement commercial qui n&rsquo;est pas ouvert...\" \/>\n<meta property=\"og:url\" content=\"https:\/\/www.canada-plays.ca\/about-us\/\" \/>\n<meta property=\"og:site_name\" content=\"Canada Plays\" \/>\n<meta property=\"article:modified_time\" content=\"2025-06-12T19:31:46+00:00\" \/>\n<meta property=\"og:image\" content=\"https:\/\/cdn.svc.asmodee.net\/production-canadaplay\/uploads\/2024\/09\/cropped-CANADA_PLAYS-LOGO.png\" \/>\n\t<meta property=\"og:image:width\" content=\"512\" \/>\n\t<meta property=\"og:image:height\" content=\"512\" \/>\n\t<meta property=\"og:image:type\" content=\"image\/png\" \/>\n<meta name=\"twitter:card\" content=\"summary_large_image\" \/>\n<meta name=\"twitter:label1\" content=\"Est. reading time\" \/>\n\t<meta name=\"twitter:data1\" content=\"1 minute\" \/>\n<script type=\"application\/ld+json\" class=\"yoast-schema-graph\">{\"@context\":\"https:\/\/schema.org\",\"@graph\":[{\"@type\":\"WebPage\",\"@id\":\"https:\/\/www.canada-plays.ca\/about-us\/\",\"url\":\"https:\/\/www.canada-plays.ca\/about-us\/\",\"name\":\"\u00c0 Propos - Canada Plays\",\"isPartOf\":{\"@id\":\"https:\/\/www.canada-plays.ca\/#website\"},\"primaryImageOfPage\":{\"@id\":\"https:\/\/www.canada-plays.ca\/about-us\/#primaryimage\"},\"image\":{\"@id\":\"https:\/\/www.canada-plays.ca\/about-us\/#primaryimage\"},\"thumbnailUrl\":\"https:\/\/cdn.svc.asmodee.net\/production-canadaplay\/uploads\/2024\/09\/cropped-CANADA_PLAYS-LOGO.png\",\"datePublished\":\"2020-08-24T15:20:22+00:00\",\"dateModified\":\"2025-06-12T19:31:46+00:00\",\"breadcrumb\":{\"@id\":\"https:\/\/www.canada-plays.ca\/about-us\/#breadcrumb\"},\"inLanguage\":\"fr-FR\",\"potentialAction\":[{\"@type\":\"ReadAction\",\"target\":[\"https:\/\/www.canada-plays.ca\/about-us\/\"]}]},{\"@type\":\"ImageObject\",\"inLanguage\":\"fr-FR\",\"@id\":\"https:\/\/www.canada-plays.ca\/about-us\/#primaryimage\",\"url\":\"https:\/\/cdn.svc.asmodee.net\/production-canadaplay\/uploads\/2024\/09\/cropped-CANADA_PLAYS-LOGO.png\",\"contentUrl\":\"https:\/\/cdn.svc.asmodee.net\/production-canadaplay\/uploads\/2024\/09\/cropped-CANADA_PLAYS-LOGO.png\",\"width\":512,\"height\":512},{\"@type\":\"BreadcrumbList\",\"@id\":\"https:\/\/www.canada-plays.ca\/about-us\/#breadcrumb\",\"itemListElement\":[{\"@type\":\"ListItem\",\"position\":1,\"name\":\"Home\",\"item\":\"https:\/\/www.canada-plays.ca\/fr\/\"},{\"@type\":\"ListItem\",\"position\":2,\"name\":\"\u00c0 Propos\"}]},{\"@type\":\"WebSite\",\"@id\":\"https:\/\/www.canada-plays.ca\/#website\",\"url\":\"https:\/\/www.canada-plays.ca\/\",\"name\":\"Canada Plays\",\"description\":\"\",\"publisher\":{\"@id\":\"https:\/\/www.canada-plays.ca\/#organization\"},\"potentialAction\":[{\"@type\":\"SearchAction\",\"target\":{\"@type\":\"EntryPoint\",\"urlTemplate\":\"https:\/\/www.canada-plays.ca\/?s={search_term_string}\"},\"query-input\":\"required name=search_term_string\"}],\"inLanguage\":\"fr-FR\"},{\"@type\":\"Organization\",\"@id\":\"https:\/\/www.canada-plays.ca\/#organization\",\"name\":\"Canada Plays\",\"url\":\"https:\/\/www.canada-plays.ca\/\",\"logo\":{\"@type\":\"ImageObject\",\"inLanguage\":\"fr-FR\",\"@id\":\"https:\/\/www.canada-plays.ca\/#\/schema\/logo\/image\/\",\"url\":\"https:\/\/cdn.svc.asmodee.net\/production-canadaplay\/uploads\/2024\/09\/CANADA_PLAYS-LOGO.png\",\"contentUrl\":\"https:\/\/cdn.svc.asmodee.net\/production-canadaplay\/uploads\/2024\/09\/CANADA_PLAYS-LOGO.png\",\"width\":3572,\"height\":3203,\"caption\":\"Canada Plays\"},\"image\":{\"@id\":\"https:\/\/www.canada-plays.ca\/#\/schema\/logo\/image\/\"}}]}<\/script>\n<!-- \/ Yoast SEO Premium plugin. -->","yoast_head_json":{"title":"\u00c0 Propos - Canada Plays","robots":{"index":"index","follow":"follow","max-snippet":"max-snippet:-1","max-image-preview":"max-image-preview:large","max-video-preview":"max-video-preview:-1"},"canonical":"https:\/\/www.canada-plays.ca\/about-us\/","og_locale":"fr_FR","og_type":"article","og_title":"\u00c0 Propos","og_description":"\u00c0 propos \u00c0 propos de Canada Plays Canada Plays, pr\u00e9sent\u00e9 par asmodee, est LA destination commerciale canadienne de choix pour les jeux de table. Cet \u00e9v\u00e9nement annuel continue notre tradition visant \u00e0 rassembler les joueurs cl\u00e9s de l&rsquo;industrie du jeu de soci\u00e9t\u00e9 pour connecter, \u00e9changer et b\u00e2tir des relations. Veuillez noter qu&rsquo;il s&rsquo;agit d&rsquo;un \u00e9v\u00e9nement commercial qui n&rsquo;est pas ouvert...","og_url":"https:\/\/www.canada-plays.ca\/about-us\/","og_site_name":"Canada Plays","article_modified_time":"2025-06-12T19:31:46+00:00","og_image":[{"width":512,"height":512,"url":"https:\/\/cdn.svc.asmodee.net\/production-canadaplay\/uploads\/2024\/09\/cropped-CANADA_PLAYS-LOGO.png","type":"image\/png"}],"twitter_card":"summary_large_image","twitter_misc":{"Est. reading time":"1 minute"},"schema":{"@context":"https:\/\/schema.org","@graph":[{"@type":"WebPage","@id":"https:\/\/www.canada-plays.ca\/about-us\/","url":"https:\/\/www.canada-plays.ca\/about-us\/","name":"\u00c0 Propos - Canada Plays","isPartOf":{"@id":"https:\/\/www.canada-plays.ca\/#website"},"primaryImageOfPage":{"@id":"https:\/\/www.canada-plays.ca\/about-us\/#primaryimage"},"image":{"@id":"https:\/\/www.canada-plays.ca\/about-us\/#primaryimage"},"thumbnailUrl":"https:\/\/cdn.svc.asmodee.net\/production-canadaplay\/uploads\/2024\/09\/cropped-CANADA_PLAYS-LOGO.png","datePublished":"2020-08-24T15:20:22+00:00","dateModified":"2025-06-12T19:31:46+00:00","breadcrumb":{"@id":"https:\/\/www.canada-plays.ca\/about-us\/#breadcrumb"},"inLanguage":"fr-FR","potentialAction":[{"@type":"ReadAction","target":["https:\/\/www.canada-plays.ca\/about-us\/"]}]},{"@type":"ImageObject","inLanguage":"fr-FR","@id":"https:\/\/www.canada-plays.ca\/about-us\/#primaryimage","url":"https:\/\/cdn.svc.asmodee.net\/production-canadaplay\/uploads\/2024\/09\/cropped-CANADA_PLAYS-LOGO.png","contentUrl":"https:\/\/cdn.svc.asmodee.net\/production-canadaplay\/uploads\/2024\/09\/cropped-CANADA_PLAYS-LOGO.png","width":512,"height":512},{"@type":"BreadcrumbList","@id":"https:\/\/www.canada-plays.ca\/about-us\/#breadcrumb","itemListElement":[{"@type":"ListItem","position":1,"name":"Home","item":"https:\/\/www.canada-plays.ca\/fr\/"},{"@type":"ListItem","position":2,"name":"\u00c0 Propos"}]},{"@type":"WebSite","@id":"https:\/\/www.canada-plays.ca\/#website","url":"https:\/\/www.canada-plays.ca\/","name":"Canada Plays","description":"","publisher":{"@id":"https:\/\/www.canada-plays.ca\/#organization"},"potentialAction":[{"@type":"SearchAction","target":{"@type":"EntryPoint","urlTemplate":"https:\/\/www.canada-plays.ca\/?s={search_term_string}"},"query-input":"required name=search_term_string"}],"inLanguage":"fr-FR"},{"@type":"Organization","@id":"https:\/\/www.canada-plays.ca\/#organization","name":"Canada Plays","url":"https:\/\/www.canada-plays.ca\/","logo":{"@type":"ImageObject","inLanguage":"fr-FR","@id":"https:\/\/www.canada-plays.ca\/#\/schema\/logo\/image\/","url":"https:\/\/cdn.svc.asmodee.net\/production-canadaplay\/uploads\/2024\/09\/CANADA_PLAYS-LOGO.png","contentUrl":"https:\/\/cdn.svc.asmodee.net\/production-canadaplay\/uploads\/2024\/09\/CANADA_PLAYS-LOGO.png","width":3572,"height":3203,"caption":"Canada Plays"},"image":{"@id":"https:\/\/www.canada-plays.ca\/#\/schema\/logo\/image\/"}}]}},"_links":{"self":[{"href":"https:\/\/www.canada-plays.ca\/fr\/wp-json\/wp\/v2\/pages\/2637"}],"collection":[{"href":"https:\/\/www.canada-plays.ca\/fr\/wp-json\/wp\/v2\/pages"}],"about":[{"href":"https:\/\/www.canada-plays.ca\/fr\/wp-json\/wp\/v2\/types\/page"}],"author":[{"embeddable":true,"href":"https:\/\/www.canada-plays.ca\/fr\/wp-json\/wp\/v2\/users\/1"}],"replies":[{"embeddable":true,"href":"https:\/\/www.canada-plays.ca\/fr\/wp-json\/wp\/v2\/comments?post=2637"}],"version-history":[{"count":22,"href":"https:\/\/www.canada-plays.ca\/fr\/wp-json\/wp\/v2\/pages\/2637\/revisions"}],"predecessor-version":[{"id":4485,"href":"https:\/\/www.canada-plays.ca\/fr\/wp-json\/wp\/v2\/pages\/2637\/revisions\/4485"}],"wp:featuredmedia":[{"embeddable":true,"href":"https:\/\/www.canada-plays.ca\/fr\/wp-json\/wp\/v2\/media\/2530"}],"wp:attachment":[{"href":"https:\/\/www.canada-plays.ca\/fr\/wp-json\/wp\/v2\/media?parent=2637"}],"curies":[{"name":"wp","href":"https:\/\/api.w.org\/{rel}","templated":true}]}}