{"id":4536,"date":"2024-09-24T14:18:16","date_gmt":"2024-09-24T18:18:16","guid":{"rendered":"https:\/\/www.canada-plays.ca\/?page_id=4536"},"modified":"2025-11-24T13:06:02","modified_gmt":"2025-11-24T17:06:02","slug":"mentions-legales","status":"publish","type":"page","link":"https:\/\/www.canada-plays.ca\/fr\/mentions-legales\/","title":{"rendered":"Mentions l\u00e9gales"},"content":{"rendered":"\t\t<div data-elementor-type=\"wp-page\" data-elementor-id=\"4536\" class=\"elementor elementor-4536 elementor-3\">\n\t\t\t\t<div class=\"elementor-element elementor-element-7e5886d1 e-flex e-con-boxed e-con e-parent\" data-id=\"7e5886d1\" data-element_type=\"container\">\n\t\t\t\t\t<div class=\"e-con-inner\">\n\t\t\t\t<div class=\"elementor-element elementor-element-42cf2f28 elementor-widget elementor-widget-text-editor\" data-id=\"42cf2f28\" data-element_type=\"widget\" data-widget_type=\"text-editor.default\">\n\t\t\t\t<div class=\"elementor-widget-container\">\n\t\t\t\t\t\t\t<h1 class=\"text-h2-mobile md:text-h1-mobile py-12\">Mentions l\u00e9gales<\/h1>\n<h2 id=\"h-editeur-du-site\" class=\"wp-block-heading\">\u00c9diteur du site<\/h2>\n<p>Le site www.canada-plays.ca est \u00e9dit\u00e9 par la soci\u00e9t\u00e9 par ASMODEE GROUPE, soci\u00e9t\u00e9 par actions simplifi\u00e9e \u00e0 associ\u00e9 unique fran\u00e7aise au capital social de 60 444 400 euros, dont le si\u00e8ge social se trouve au 18 rue Jacqueline Auriol, Quartier Villaroy, 78280 Guyancourt, inscrite au RCS Versailles sous le num\u00e9ro 399 899 806, dument repr\u00e9sent\u00e9 par FINANCIERE AMUSE TOPCO, en tant que Pr\u00e9sident-directeur G\u00e9n\u00e9ral, lui-m\u00eame repr\u00e9sent\u00e9 par Thomas Koegler, en tant que repr\u00e9sentant permanent.<\/p>\n\n<p>Contacts : <a href=\"mailto:marketingca@asmodee.com\">marketingca@asmodee.com<\/a><\/p>\n\n<p>Tel: 450-424-0655<\/p>\n<p>Publication Director: Thomas Koegler<\/p>\n<h2>H\u00e9bergeur du site<\/h2>\n<p>Ce site est h\u00e9berg\u00e9 par Amazon Web Services :<\/p>\n\n<p>Amazon Web Services, Inc.<br \/>\nP.O. Box 81226<br \/>Seattle, WA 98108-1226<br\/>\nUSA<\/p>\t\t\t\t\t\t<\/div>\n\t\t\t\t<\/div>\n\t\t\t\t\t<\/div>\n\t\t\t\t<\/div>\n\t\t\t\t<\/div>\n\t\t","protected":false},"excerpt":{"rendered":"<p>Mentions l\u00e9gales \u00c9diteur du site Le site www.canada-plays.ca est \u00e9dit\u00e9 par la soci\u00e9t\u00e9 par ASMODEE GROUPE, soci\u00e9t\u00e9 par actions simplifi\u00e9e \u00e0 associ\u00e9 unique fran\u00e7aise au capital social de 60 444 400 euros, dont le si\u00e8ge social se trouve au 18 rue Jacqueline Auriol, Quartier Villaroy, 78280 Guyancourt, inscrite au RCS Versailles sous le num\u00e9ro 399 899 806, dument repr\u00e9sent\u00e9 par&#8230;<\/p>\n","protected":false},"author":2,"featured_media":0,"parent":0,"menu_order":0,"comment_status":"closed","ping_status":"closed","template":"page-templates\/full-width-container.php","meta":{"footnotes":""},"yoast_head":"<!-- This site is optimized with the Yoast SEO Premium plugin v22.3 (Yoast SEO v22.9) - https:\/\/yoast.com\/wordpress\/plugins\/seo\/ -->\n<title>Mentions l\u00e9gales - Canada Plays<\/title>\n<meta name=\"robots\" content=\"index, follow, max-snippet:-1, max-image-preview:large, max-video-preview:-1\" \/>\n<link rel=\"canonical\" href=\"https:\/\/www.canada-plays.ca\/fr\/mentions-legales\/\" \/>\n<meta property=\"og:locale\" content=\"fr_FR\" \/>\n<meta property=\"og:type\" content=\"article\" \/>\n<meta property=\"og:title\" content=\"Mentions l\u00e9gales\" \/>\n<meta property=\"og:description\" content=\"Mentions l\u00e9gales \u00c9diteur du site Le site www.canada-plays.ca est \u00e9dit\u00e9 par la soci\u00e9t\u00e9 par ASMODEE GROUPE, soci\u00e9t\u00e9 par actions simplifi\u00e9e \u00e0 associ\u00e9 unique fran\u00e7aise au capital social de 60 444 400 euros, dont le si\u00e8ge social se trouve au 18 rue Jacqueline Auriol, Quartier Villaroy, 78280 Guyancourt, inscrite au RCS Versailles sous le num\u00e9ro 399 899 806, dument repr\u00e9sent\u00e9 par...\" \/>\n<meta property=\"og:url\" content=\"https:\/\/www.canada-plays.ca\/fr\/mentions-legales\/\" \/>\n<meta property=\"og:site_name\" content=\"Canada Plays\" \/>\n<meta property=\"article:modified_time\" content=\"2025-11-24T17:06:02+00:00\" \/>\n<meta name=\"twitter:card\" content=\"summary_large_image\" \/>\n<meta name=\"twitter:label1\" content=\"Est. reading time\" \/>\n\t<meta name=\"twitter:data1\" content=\"1 minute\" \/>\n<script type=\"application\/ld+json\" class=\"yoast-schema-graph\">{\"@context\":\"https:\/\/schema.org\",\"@graph\":[{\"@type\":\"WebPage\",\"@id\":\"https:\/\/www.canada-plays.ca\/fr\/mentions-legales\/\",\"url\":\"https:\/\/www.canada-plays.ca\/fr\/mentions-legales\/\",\"name\":\"Mentions l\u00e9gales - Canada Plays\",\"isPartOf\":{\"@id\":\"https:\/\/www.canada-plays.ca\/#website\"},\"datePublished\":\"2024-09-24T18:18:16+00:00\",\"dateModified\":\"2025-11-24T17:06:02+00:00\",\"breadcrumb\":{\"@id\":\"https:\/\/www.canada-plays.ca\/fr\/mentions-legales\/#breadcrumb\"},\"inLanguage\":\"fr-FR\",\"potentialAction\":[{\"@type\":\"ReadAction\",\"target\":[\"https:\/\/www.canada-plays.ca\/fr\/mentions-legales\/\"]}]},{\"@type\":\"BreadcrumbList\",\"@id\":\"https:\/\/www.canada-plays.ca\/fr\/mentions-legales\/#breadcrumb\",\"itemListElement\":[{\"@type\":\"ListItem\",\"position\":1,\"name\":\"Home\",\"item\":\"https:\/\/www.canada-plays.ca\/fr\/\"},{\"@type\":\"ListItem\",\"position\":2,\"name\":\"Mentions l\u00e9gales\"}]},{\"@type\":\"WebSite\",\"@id\":\"https:\/\/www.canada-plays.ca\/#website\",\"url\":\"https:\/\/www.canada-plays.ca\/\",\"name\":\"Canada Plays\",\"description\":\"\",\"publisher\":{\"@id\":\"https:\/\/www.canada-plays.ca\/#organization\"},\"potentialAction\":[{\"@type\":\"SearchAction\",\"target\":{\"@type\":\"EntryPoint\",\"urlTemplate\":\"https:\/\/www.canada-plays.ca\/?s={search_term_string}\"},\"query-input\":\"required name=search_term_string\"}],\"inLanguage\":\"fr-FR\"},{\"@type\":\"Organization\",\"@id\":\"https:\/\/www.canada-plays.ca\/#organization\",\"name\":\"Canada Plays\",\"url\":\"https:\/\/www.canada-plays.ca\/\",\"logo\":{\"@type\":\"ImageObject\",\"inLanguage\":\"fr-FR\",\"@id\":\"https:\/\/www.canada-plays.ca\/#\/schema\/logo\/image\/\",\"url\":\"https:\/\/cdn.svc.asmodee.net\/production-canadaplay\/uploads\/2024\/09\/CANADA_PLAYS-LOGO.png\",\"contentUrl\":\"https:\/\/cdn.svc.asmodee.net\/production-canadaplay\/uploads\/2024\/09\/CANADA_PLAYS-LOGO.png\",\"width\":3572,\"height\":3203,\"caption\":\"Canada Plays\"},\"image\":{\"@id\":\"https:\/\/www.canada-plays.ca\/#\/schema\/logo\/image\/\"}}]}<\/script>\n<!-- \/ Yoast SEO Premium plugin. -->","yoast_head_json":{"title":"Mentions l\u00e9gales - Canada Plays","robots":{"index":"index","follow":"follow","max-snippet":"max-snippet:-1","max-image-preview":"max-image-preview:large","max-video-preview":"max-video-preview:-1"},"canonical":"https:\/\/www.canada-plays.ca\/fr\/mentions-legales\/","og_locale":"fr_FR","og_type":"article","og_title":"Mentions l\u00e9gales","og_description":"Mentions l\u00e9gales \u00c9diteur du site Le site www.canada-plays.ca est \u00e9dit\u00e9 par la soci\u00e9t\u00e9 par ASMODEE GROUPE, soci\u00e9t\u00e9 par actions simplifi\u00e9e \u00e0 associ\u00e9 unique fran\u00e7aise au capital social de 60 444 400 euros, dont le si\u00e8ge social se trouve au 18 rue Jacqueline Auriol, Quartier Villaroy, 78280 Guyancourt, inscrite au RCS Versailles sous le num\u00e9ro 399 899 806, dument repr\u00e9sent\u00e9 par...","og_url":"https:\/\/www.canada-plays.ca\/fr\/mentions-legales\/","og_site_name":"Canada Plays","article_modified_time":"2025-11-24T17:06:02+00:00","twitter_card":"summary_large_image","twitter_misc":{"Est. reading time":"1 minute"},"schema":{"@context":"https:\/\/schema.org","@graph":[{"@type":"WebPage","@id":"https:\/\/www.canada-plays.ca\/fr\/mentions-legales\/","url":"https:\/\/www.canada-plays.ca\/fr\/mentions-legales\/","name":"Mentions l\u00e9gales - Canada Plays","isPartOf":{"@id":"https:\/\/www.canada-plays.ca\/#website"},"datePublished":"2024-09-24T18:18:16+00:00","dateModified":"2025-11-24T17:06:02+00:00","breadcrumb":{"@id":"https:\/\/www.canada-plays.ca\/fr\/mentions-legales\/#breadcrumb"},"inLanguage":"fr-FR","potentialAction":[{"@type":"ReadAction","target":["https:\/\/www.canada-plays.ca\/fr\/mentions-legales\/"]}]},{"@type":"BreadcrumbList","@id":"https:\/\/www.canada-plays.ca\/fr\/mentions-legales\/#breadcrumb","itemListElement":[{"@type":"ListItem","position":1,"name":"Home","item":"https:\/\/www.canada-plays.ca\/fr\/"},{"@type":"ListItem","position":2,"name":"Mentions l\u00e9gales"}]},{"@type":"WebSite","@id":"https:\/\/www.canada-plays.ca\/#website","url":"https:\/\/www.canada-plays.ca\/","name":"Canada Plays","description":"","publisher":{"@id":"https:\/\/www.canada-plays.ca\/#organization"},"potentialAction":[{"@type":"SearchAction","target":{"@type":"EntryPoint","urlTemplate":"https:\/\/www.canada-plays.ca\/?s={search_term_string}"},"query-input":"required name=search_term_string"}],"inLanguage":"fr-FR"},{"@type":"Organization","@id":"https:\/\/www.canada-plays.ca\/#organization","name":"Canada Plays","url":"https:\/\/www.canada-plays.ca\/","logo":{"@type":"ImageObject","inLanguage":"fr-FR","@id":"https:\/\/www.canada-plays.ca\/#\/schema\/logo\/image\/","url":"https:\/\/cdn.svc.asmodee.net\/production-canadaplay\/uploads\/2024\/09\/CANADA_PLAYS-LOGO.png","contentUrl":"https:\/\/cdn.svc.asmodee.net\/production-canadaplay\/uploads\/2024\/09\/CANADA_PLAYS-LOGO.png","width":3572,"height":3203,"caption":"Canada Plays"},"image":{"@id":"https:\/\/www.canada-plays.ca\/#\/schema\/logo\/image\/"}}]}},"_links":{"self":[{"href":"https:\/\/www.canada-plays.ca\/fr\/wp-json\/wp\/v2\/pages\/4536"}],"collection":[{"href":"https:\/\/www.canada-plays.ca\/fr\/wp-json\/wp\/v2\/pages"}],"about":[{"href":"https:\/\/www.canada-plays.ca\/fr\/wp-json\/wp\/v2\/types\/page"}],"author":[{"embeddable":true,"href":"https:\/\/www.canada-plays.ca\/fr\/wp-json\/wp\/v2\/users\/2"}],"replies":[{"embeddable":true,"href":"https:\/\/www.canada-plays.ca\/fr\/wp-json\/wp\/v2\/comments?post=4536"}],"version-history":[{"count":10,"href":"https:\/\/www.canada-plays.ca\/fr\/wp-json\/wp\/v2\/pages\/4536\/revisions"}],"predecessor-version":[{"id":4546,"href":"https:\/\/www.canada-plays.ca\/fr\/wp-json\/wp\/v2\/pages\/4536\/revisions\/4546"}],"wp:attachment":[{"href":"https:\/\/www.canada-plays.ca\/fr\/wp-json\/wp\/v2\/media?parent=4536"}],"curies":[{"name":"wp","href":"https:\/\/api.w.org\/{rel}","templated":true}]}}